{"id":960,"date":"2025-04-11T22:47:53","date_gmt":"2025-04-11T22:47:53","guid":{"rendered":"https:\/\/dev.arcuweb.com\/indicossecret\/?page_id=960"},"modified":"2025-04-11T22:47:53","modified_gmt":"2025-04-11T22:47:53","slug":"politica-de-privacidad","status":"publish","type":"page","link":"https:\/\/indicosecret.com\/en\/politica-de-privacidad\/","title":{"rendered":"Pol\u00edtica de privacidad"},"content":{"rendered":"<h3 class=\"wp-block-heading\">\u00bfQui\u00e9n es el responsable del tratamiento de sus datos?<\/h3>\n\n\n\n<p>Entidad: INDICO\u00b4S SECRET SL<\/p>\n\n\n\n<p>Correo electr\u00f3nico: info@indicosecret.com<\/p>\n\n\n\n<h3 class=\"wp-block-heading\">\u00bfCon qu\u00e9 finalidad tratamos sus datos personales?<\/h3>\n\n\n\n<p>En&nbsp;INDICO\u00b4S SECRET&nbsp;SL tratamos la informaci\u00f3n que nos facilitan las personas interesadas con el fin de realizar la gesti\u00f3n administrativa, contable y fiscal de los servicios solicitados, as\u00ed como enviar comunicaciones comerciales sobre nuestros productos y servicios.<\/p>\n\n\n\n<h3 class=\"wp-block-heading\">\u00bfPor cu\u00e1nto tiempo conservaremos sus datos?<\/h3>\n\n\n\n<p>Los datos se conservar\u00e1n mientras se mantenga la relaci\u00f3n comercial o durante los a\u00f1os necesarios para cumplir con las obligaciones legales.<\/p>\n\n\n\n<h3 class=\"wp-block-heading\">\u00bfCu\u00e1l es la legitimaci\u00f3n para el tratamiento de sus datos?<\/h3>\n\n\n\n<p>Le indicamos la base legal para el tratamiento de sus datos:<\/p>\n\n\n\n<p>Ejecuci\u00f3n de un contrato: Prestaci\u00f3n de servicios.<br>Consentimiento del interesado: Env\u00edo de comunicaciones comerciales.<\/p>\n\n\n\n<h3 class=\"wp-block-heading\">\u00bfA qu\u00e9 destinatarios se comunicar\u00e1n sus datos?<\/h3>\n\n\n\n<p>Los datos se comunicar\u00e1n a los siguientes destinatarios:<\/p>\n\n\n\n<p>Asesor\u00eda fiscal y contable, registros p\u00fablicos, Bancos y Cajas de Ahorro, Administraci\u00f3n Tributaria, con la finalidad de cumplir con las obligaciones legales.<br>Transferencias de datos a terceros pa\u00edses<\/p>\n\n\n\n<p>No est\u00e1n previstas transferencias de datos a terceros pa\u00edses.<\/p>\n\n\n\n<h3 class=\"wp-block-heading\">\u00bfCu\u00e1les son sus derechos cuando nos facilita sus datos?<\/h3>\n\n\n\n<p>Cualquier persona tiene derecho a obtener confirmaci\u00f3n sobre si en&nbsp;INDICO\u00b4S SECRET&nbsp;SL estamos tratando datos personales que les conciernan, o no.<\/p>\n\n\n\n<p>Las personas interesadas tienen derecho a acceder a sus datos personales, as\u00ed como a solicitar la rectificaci\u00f3n de los datos inexactos o, en su caso, solicitar su supresi\u00f3n cuando, entre otros motivos, los datos ya no sean necesarios para los fines que fueron recogidos.<\/p>\n\n\n\n<p>En determinadas circunstancias, los interesados podr\u00e1n solicitar la limitaci\u00f3n del tratamiento de sus datos, en cuyo caso \u00fanicamente los conservaremos para el ejercicio o la defensa de reclamaciones.<\/p>\n\n\n\n<p>En determinadas circunstancias y por motivos relacionados con su situaci\u00f3n particular, los interesados podr\u00e1n oponerse al tratamiento de sus datos. En este caso,&nbsp;INDICO\u00b4S SECRET&nbsp;SL dejar\u00e1 de tratar los datos, salvo por motivos leg\u00edtimos imperiosos, o el ejercicio o la defensa de posibles reclamaciones.<\/p>\n\n\n\n<p>Podr\u00e1 ejercitar materialmente sus derechos de la siguiente forma: Dirigi\u00e9ndose a la direcci\u00f3n postal del responsable.<\/p>\n\n\n\n<p>Si ha otorgado su consentimiento para alguna finalidad concreta, tiene derecho a retirar el consentimiento otorgado en cualquier momento, sin que ello afecte a la licitud del tratamiento basado en el consentimiento previo a su retirada.<\/p>\n\n\n\n<p>En caso de que sienta vulnerados sus derechos en lo concerniente a la protecci\u00f3n de sus datos personales, especialmente cuando no haya obtenido satisfacci\u00f3n en el ejercicio de sus derechos, puede presentar una reclamaci\u00f3n ante la Autoridad de Control en materia de Protecci\u00f3n de Datos competente a trav\u00e9s de su sitio web: https:\/\/www.indicosecret\/aviso-legal\/<\/p>\n\n\n\n<h3 class=\"wp-block-heading\">\u00bfC\u00f3mo hemos obtenido sus datos?<\/h3>\n\n\n\n<p>Los datos personales que tratamos en INDICO\u00b4S SECRET SL proceden del propio interesado.<\/p>\n\n\n\n<p>Las categor\u00edas de datos que se tratan son:<\/p>\n\n\n\n<p>Datos identificativos<br>Direcciones postales y electr\u00f3nicas<br>Informaci\u00f3n comercial<br>Datos econ\u00f3micos<\/p>\n\n\n\n<p>No se tratan categor\u00edas especiales de datos personales (son aquellos datos que revelen el origen \u00e9tnico o racial, las opiniones pol\u00edticas, las convicciones religiosas o filos\u00f3ficas, o la afiliaci\u00f3n sindical, datos gen\u00e9ticos, datos biom\u00e9tricos dirigidos a identificar de manera un\u00edvoca a una persona f\u00edsica, datos relativos a la salud o datos relativos a la vida sexual o la orientaci\u00f3n sexual de una persona f\u00edsica<\/p>","protected":false},"excerpt":{"rendered":"<p>\u00bfQui\u00e9n es el responsable del tratamiento de sus datos? Entidad: INDICO\u00b4S SECRET SL Correo electr\u00f3nico: info@indicosecret.com \u00bfCon qu\u00e9 finalidad tratamos sus datos personales? En&nbsp;INDICO\u00b4S SECRET&nbsp;SL tratamos la informaci\u00f3n que nos facilitan las personas interesadas con el fin de realizar la gesti\u00f3n administrativa, contable y fiscal de los servicios solicitados, as\u00ed como enviar comunicaciones comerciales sobre [&hellip;]<\/p>","protected":false},"author":1,"featured_media":0,"parent":0,"menu_order":0,"comment_status":"closed","ping_status":"closed","template":"","meta":{"_joinchat":[],"footnotes":""},"class_list":["post-960","page","type-page","status-publish","hentry"],"_links":{"self":[{"href":"https:\/\/indicosecret.com\/en\/wp-json\/wp\/v2\/pages\/960","targetHints":{"allow":["GET"]}}],"collection":[{"href":"https:\/\/indicosecret.com\/en\/wp-json\/wp\/v2\/pages"}],"about":[{"href":"https:\/\/indicosecret.com\/en\/wp-json\/wp\/v2\/types\/page"}],"author":[{"embeddable":true,"href":"https:\/\/indicosecret.com\/en\/wp-json\/wp\/v2\/users\/1"}],"replies":[{"embeddable":true,"href":"https:\/\/indicosecret.com\/en\/wp-json\/wp\/v2\/comments?post=960"}],"version-history":[{"count":1,"href":"https:\/\/indicosecret.com\/en\/wp-json\/wp\/v2\/pages\/960\/revisions"}],"predecessor-version":[{"id":961,"href":"https:\/\/indicosecret.com\/en\/wp-json\/wp\/v2\/pages\/960\/revisions\/961"}],"wp:attachment":[{"href":"https:\/\/indicosecret.com\/en\/wp-json\/wp\/v2\/media?parent=960"}],"curies":[{"name":"wp","href":"https:\/\/api.w.org\/{rel}","templated":true}]}}