{"id":2180,"date":"2026-01-09T20:55:47","date_gmt":"2026-01-09T20:55:47","guid":{"rendered":"https:\/\/indicosecret.com\/?page_id=2180"},"modified":"2026-01-09T20:59:42","modified_gmt":"2026-01-09T20:59:42","slug":"gracias-sorteo","status":"publish","type":"page","link":"https:\/\/indicosecret.com\/en\/gracias-sorteo\/","title":{"rendered":"Gracias Sorteo"},"content":{"rendered":"<div data-elementor-type=\"wp-page\" data-elementor-id=\"2180\" class=\"elementor elementor-2180\" data-elementor-post-type=\"page\">\n\t\t\t\t<div class=\"elementor-element elementor-element-718c788 e-flex e-con-boxed e-con e-parent\" data-id=\"718c788\" data-element_type=\"container\" data-settings=\"{&quot;background_background&quot;:&quot;classic&quot;}\">\n\t\t\t\t\t<div class=\"e-con-inner\">\n\t\t<div class=\"elementor-element elementor-element-f65b4d4 e-con-full e-flex e-con e-child\" data-id=\"f65b4d4\" data-element_type=\"container\">\n\t\t\t\t<div class=\"elementor-element elementor-element-94e7a02 elementor-widget elementor-widget-heading\" data-id=\"94e7a02\" data-element_type=\"widget\" data-widget_type=\"heading.default\">\n\t\t\t\t<div class=\"elementor-widget-container\">\n\t\t\t\t\t<h1 class=\"elementor-heading-title elementor-size-default\">\u00a1Gracias por participar!<\/h1>\t\t\t\t<\/div>\n\t\t\t\t<\/div>\n\t\t\t\t<div class=\"elementor-element elementor-element-f9b3db3 elementor-widget elementor-widget-text-editor\" data-id=\"f9b3db3\" data-element_type=\"widget\" data-widget_type=\"text-editor.default\">\n\t\t\t\t<div class=\"elementor-widget-container\">\n\t\t\t\t\t\t\t\t\t<p>Tu inscripci\u00f3n al sorteo ya est\u00e1 confirmada.<\/p><p data-start=\"236\" data-end=\"328\"><strong data-start=\"239\" data-end=\"253\">Muy pronto<\/strong> anunciaremos a la persona ganadora por email y en nuestras redes sociales. Mientras tanto, s\u00edguenos en Instagram y descubre m\u00e1s sobre <strong data-start=\"389\" data-end=\"405\">Alma Maldiva<\/strong>\u00a0y el esp\u00edritu aut\u00e9ntico de las islas.<\/p>\t\t\t\t\t\t\t\t<\/div>\n\t\t\t\t<\/div>\n\t\t\t\t<\/div>\n\t\t\t\t\t<\/div>\n\t\t\t\t<\/div>\n\t\t\t\t<\/div>","protected":false},"excerpt":{"rendered":"<p>\u00a1Gracias por participar! Tu inscripci\u00f3n al sorteo ya est\u00e1 confirmada. Muy pronto anunciaremos a la persona ganadora por email y en nuestras redes sociales. Mientras tanto, s\u00edguenos en Instagram y descubre m\u00e1s sobre Alma Maldiva\u00a0y el esp\u00edritu aut\u00e9ntico de las islas.<\/p>","protected":false},"author":4,"featured_media":0,"parent":0,"menu_order":0,"comment_status":"closed","ping_status":"closed","template":"","meta":{"_joinchat":[],"footnotes":""},"class_list":["post-2180","page","type-page","status-publish","hentry"],"_links":{"self":[{"href":"https:\/\/indicosecret.com\/en\/wp-json\/wp\/v2\/pages\/2180","targetHints":{"allow":["GET"]}}],"collection":[{"href":"https:\/\/indicosecret.com\/en\/wp-json\/wp\/v2\/pages"}],"about":[{"href":"https:\/\/indicosecret.com\/en\/wp-json\/wp\/v2\/types\/page"}],"author":[{"embeddable":true,"href":"https:\/\/indicosecret.com\/en\/wp-json\/wp\/v2\/users\/4"}],"replies":[{"embeddable":true,"href":"https:\/\/indicosecret.com\/en\/wp-json\/wp\/v2\/comments?post=2180"}],"version-history":[{"count":7,"href":"https:\/\/indicosecret.com\/en\/wp-json\/wp\/v2\/pages\/2180\/revisions"}],"predecessor-version":[{"id":2193,"href":"https:\/\/indicosecret.com\/en\/wp-json\/wp\/v2\/pages\/2180\/revisions\/2193"}],"wp:attachment":[{"href":"https:\/\/indicosecret.com\/en\/wp-json\/wp\/v2\/media?parent=2180"}],"curies":[{"name":"wp","href":"https:\/\/api.w.org\/{rel}","templated":true}]}}